{"id":181,"date":"2024-02-18T02:59:48","date_gmt":"2024-02-18T02:59:48","guid":{"rendered":"https:\/\/cartillanacionaldigital.com\/?page_id=181"},"modified":"2024-03-23T21:40:43","modified_gmt":"2024-03-23T21:40:43","slug":"cartilla-nacional-de-salud-digital","status":"publish","type":"page","link":"https:\/\/cartillanacionaldigital.com\/index.php\/cartilla-nacional-de-salud-digital\/","title":{"rendered":"Ventajas de la Cartilla Nacional de Salud Digital"},"content":{"rendered":"\n<div class=\"wp-block-group alignfull has-accent-background-color has-background has-global-padding is-layout-constrained wp-container-core-group-is-layout-3 wp-block-group-is-layout-constrained\" style=\"margin-top:0;margin-bottom:0;padding-top:var(--wp--preset--spacing--50);padding-right:var(--wp--preset--spacing--50);padding-bottom:var(--wp--preset--spacing--50);padding-left:var(--wp--preset--spacing--50)\">\n<div class=\"wp-block-columns alignwide is-layout-flex wp-container-core-columns-is-layout-1 wp-block-columns-is-layout-flex\">\n<div class=\"wp-block-column is-vertically-aligned-stretch is-layout-flow wp-block-column-is-layout-flow\" style=\"flex-basis:50%\">\n<div class=\"wp-block-group is-vertical is-content-justification-stretch is-layout-flex wp-container-core-group-is-layout-2 wp-block-group-is-layout-flex\" style=\"min-height:100%\">\n<p class=\"has-heading-font-family has-x-large-font-size\" style=\"line-height:1.2\">Olvida la presi\u00f3n por recuperar tu informaci\u00f3n de las vacunas aplicadas por haberla perdido o por que tu perro se la comi\u00f3.<\/p>\n\n\n\n<p>Con la Cartilla Nacional de Salud Digitalizada tendr\u00e1s tu informaci\u00f3n guardada y actualizada cada que acudas a tu cl\u00ednica.<\/p>\n\n\n\n<p><strong>Se creo un sistema utilizado para todos los documentos importantes en salud, se archiva, almacena, hace copias de seguridad, entrega y, finalmente, elimina cuando ya no los necesita<\/strong>. <\/p>\n\n\n\n<p>Para el resguardo de la informaci\u00f3n Digital.<\/p>\n\n\n\n<div class=\"wp-block-group has-global-padding is-content-justification-left is-layout-constrained wp-container-core-group-is-layout-1 wp-block-group-is-layout-constrained\">\n<p class=\"wp-container-content-1\">Dejando una huella imborrable en el ma\u00f1ana.<\/p>\n<\/div>\n<\/div>\n<\/div>\n\n\n\n<div class=\"wp-block-column is-vertically-aligned-center is-layout-flow wp-block-column-is-layout-flow\" style=\"flex-basis:50%\">\n<figure class=\"wp-block-image size-full is-resized is-style-rounded is-style-rounded--1\"><img loading=\"lazy\" decoding=\"async\" width=\"1200\" height=\"630\" src=\"https:\/\/cartillanacionaldigital.com\/wp-content\/uploads\/2024\/02\/cartillallenaperdida.jpg\" alt=\"\" class=\"wp-image-183\" style=\"aspect-ratio:0.75;object-fit:cover;width:513px;height:auto\" srcset=\"https:\/\/cartillanacionaldigital.com\/wp-content\/uploads\/2024\/02\/cartillallenaperdida.jpg 1200w, https:\/\/cartillanacionaldigital.com\/wp-content\/uploads\/2024\/02\/cartillallenaperdida-300x158.jpg 300w, https:\/\/cartillanacionaldigital.com\/wp-content\/uploads\/2024\/02\/cartillallenaperdida-1024x538.jpg 1024w, https:\/\/cartillanacionaldigital.com\/wp-content\/uploads\/2024\/02\/cartillallenaperdida-768x403.jpg 768w\" sizes=\"auto, (max-width: 1200px) 100vw, 1200px\" \/><\/figure>\n<\/div>\n<\/div>\n<\/div>\n\n\n\n<div class=\"wp-block-group alignfull has-base-background-color has-background has-global-padding is-layout-constrained wp-container-core-group-is-layout-4 wp-block-group-is-layout-constrained\" style=\"margin-top:0;margin-bottom:0;padding-top:var(--wp--preset--spacing--50);padding-right:var(--wp--preset--spacing--50);padding-bottom:var(--wp--preset--spacing--50);padding-left:var(--wp--preset--spacing--50)\">\n<div class=\"wp-block-columns alignwide is-layout-flex wp-container-core-columns-is-layout-3 wp-block-columns-is-layout-flex\">\n<div class=\"wp-block-column has-global-padding is-content-justification-left is-layout-constrained wp-container-core-column-is-layout-3 wp-block-column-is-layout-constrained\" style=\"flex-basis:40%\">\n<p>Cartillanacionaldigital.com<\/p>\n\n\n\n<p><strong>Es tu identificaci\u00f3n en Salud.<\/strong><\/p>\n<\/div>\n\n\n\n<div class=\"wp-block-column is-layout-flow wp-container-core-column-is-layout-6 wp-block-column-is-layout-flow\" style=\"flex-basis:60%\">\n<p class=\"has-heading-font-family has-x-large-font-size\" style=\"line-height:1.2\">Sabes que pierdes al extraviar un documento como la Cartilla Nacional de Salud<\/p>\n\n\n\n<div class=\"wp-block-columns is-layout-flex wp-container-core-columns-is-layout-2 wp-block-columns-is-layout-flex\">\n<div class=\"wp-block-column is-layout-flow wp-block-column-is-layout-flow\">\n<p class=\"wp-container-content-2\">Sabias que 7 de cada 10 mexicanos pierde, maltrata o se rompe la Cartilla Nacional de Salud, sin embargo muchas de las ocasiones no solo pierdes un documento que es vital, si no pierdes informaci\u00f3n de tu salud como tu Vacunaci\u00f3n al d\u00eda, tus asistencias a la cl\u00ednica u hospital, as\u00ed como tu citas al m\u00e9dico, acciones preventivas. <strong>Es tu identificaci\u00f3n en Salud<\/strong> para una atenci\u00f3n de calidad.<\/p>\n<\/div>\n\n\n\n<div class=\"wp-block-column is-layout-flow wp-block-column-is-layout-flow\">\n<p>Como si fuera poco para la atenci\u00f3n en cualquier instituci\u00f3n necesitas tenerla a la mano para agilizar y darte una atenci\u00f3n digna y de calidad ya que contiene tus datos personales y enfermedades. Por otra parte para recuperarla necesitas un ir con tiempo con documentos de identificaci\u00f3n para poder recuperarla. Sin olvidar que tienes que ir con tiempo.<\/p>\n<\/div>\n<\/div>\n<\/div>\n<\/div>\n<\/div>\n\n\n\n<p>Es Muy f\u00e1cil tener tu Cartilla Nacional Digital mira el proceso.<\/p>\n\n\n\n<div class=\"wp-block-group alignfull has-base-background-color has-background has-global-padding is-layout-constrained wp-container-core-group-is-layout-5 wp-block-group-is-layout-constrained\" style=\"margin-top:0;margin-bottom:0;padding-top:var(--wp--preset--spacing--50);padding-right:var(--wp--preset--spacing--50);padding-bottom:var(--wp--preset--spacing--50);padding-left:var(--wp--preset--spacing--50)\">\n<figure class=\"wp-block-video\"><video controls src=\"http:\/\/cartillanacionaldigital.com\/wp-content\/uploads\/2024\/03\/Metodologia-2.mp4\"><\/video><figcaption class=\"wp-element-caption\">Metodologia-2.mp4<\/figcaption><\/figure>\n\n\n\n<p><strong>Olv\u00eddate de estos tramites y perdida de informaci\u00f3n.<\/strong><\/p>\n<\/div>\n\n\n\n<div class=\"wp-block-group alignfull has-accent-5-background-color has-background has-global-padding is-layout-constrained wp-container-core-group-is-layout-6 wp-block-group-is-layout-constrained\" style=\"margin-top:0;margin-bottom:0;padding-top:var(--wp--preset--spacing--50);padding-right:var(--wp--preset--spacing--50);padding-bottom:var(--wp--preset--spacing--50);padding-left:var(--wp--preset--spacing--50)\">\n<div class=\"wp-block-columns alignwide is-layout-flex wp-container-core-columns-is-layout-4 wp-block-columns-is-layout-flex\">\n<div class=\"wp-block-column is-vertically-aligned-center is-layout-flow wp-block-column-is-layout-flow\" style=\"flex-basis:60%\">\n<figure class=\"wp-block-video is-style-rounded\"><video controls src=\"http:\/\/cartillanacionaldigital.com\/wp-content\/uploads\/2024\/03\/Atencion-de-Calidad-1.mp4\"><\/video><figcaption class=\"wp-element-caption\">Atencion-de-Calidad-1.mp4<\/figcaption><\/figure>\n<\/div>\n\n\n\n<div class=\"wp-block-column is-layout-flow wp-block-column-is-layout-flow\" style=\"flex-basis:40%\">\n<h2 class=\"wp-block-heading\">Agilizando tu atenci\u00f3n digna y de Calidad.<\/h2>\n\n\n\n<p>Tu Cartilla Nacional de Salud Digital en la palma de tu mano desde cualquier dispositivo. <\/p>\n<\/div>\n<\/div>\n<\/div>\n\n\n\n<div class=\"wp-block-group alignfull has-global-padding is-layout-constrained wp-container-core-group-is-layout-12 wp-block-group-is-layout-constrained\" style=\"margin-top:0;margin-bottom:0;padding-top:var(--wp--preset--spacing--50);padding-right:var(--wp--preset--spacing--50);padding-bottom:var(--wp--preset--spacing--50);padding-left:var(--wp--preset--spacing--50)\">\n<div class=\"wp-block-group is-vertical is-content-justification-center is-layout-flex wp-container-core-group-is-layout-7 wp-block-group-is-layout-flex\">\n<h2 class=\"wp-block-heading has-text-align-center has-xx-large-font-size\">Por medio de un c\u00f3digo QR<\/h2>\n\n\n\n<p class=\"has-text-align-center\">Tu Cartilla puede ser detectada desde cualquier dispositivo. <\/p>\n<\/div>\n\n\n\n<div style=\"height:var(--wp--preset--spacing--30)\" aria-hidden=\"true\" class=\"wp-block-spacer\"><\/div>\n\n\n\n<div class=\"wp-block-columns alignwide is-layout-flex wp-container-core-columns-is-layout-5 wp-block-columns-is-layout-flex\" style=\"padding-right:0;padding-left:0\">\n<div class=\"wp-block-column is-layout-flow wp-block-column-is-layout-flow\">\n<figure class=\"wp-block-image size-full is-style-rounded is-style-rounded--2\"><img loading=\"lazy\" decoding=\"async\" width=\"225\" height=\"225\" src=\"https:\/\/cartillanacionaldigital.com\/wp-content\/uploads\/2024\/02\/descarga.png\" alt=\"\" class=\"wp-image-184\" style=\"aspect-ratio:1;object-fit:cover\" srcset=\"https:\/\/cartillanacionaldigital.com\/wp-content\/uploads\/2024\/02\/descarga.png 225w, https:\/\/cartillanacionaldigital.com\/wp-content\/uploads\/2024\/02\/descarga-150x150.png 150w\" sizes=\"auto, (max-width: 225px) 100vw, 225px\" \/><\/figure>\n\n\n\n<div class=\"wp-block-group is-vertical is-content-justification-center is-nowrap is-layout-flex wp-container-core-group-is-layout-8 wp-block-group-is-layout-flex\">\n<p class=\"has-text-align-center has-small-font-size\">C\u00f3digo QR<\/p>\n<\/div>\n<\/div>\n\n\n\n<div class=\"wp-block-column is-layout-flow wp-block-column-is-layout-flow\">\n<figure class=\"wp-block-image size-full is-style-rounded is-style-rounded--3\"><img loading=\"lazy\" decoding=\"async\" width=\"621\" height=\"621\" src=\"https:\/\/cartillanacionaldigital.com\/wp-content\/uploads\/2024\/02\/bigstock-hand-holding-smartphone-scanni-334084444_1_621x621.jpeg\" alt=\"\" class=\"wp-image-185\" style=\"aspect-ratio:1;object-fit:cover\" srcset=\"https:\/\/cartillanacionaldigital.com\/wp-content\/uploads\/2024\/02\/bigstock-hand-holding-smartphone-scanni-334084444_1_621x621.jpeg 621w, https:\/\/cartillanacionaldigital.com\/wp-content\/uploads\/2024\/02\/bigstock-hand-holding-smartphone-scanni-334084444_1_621x621-300x300.jpeg 300w, https:\/\/cartillanacionaldigital.com\/wp-content\/uploads\/2024\/02\/bigstock-hand-holding-smartphone-scanni-334084444_1_621x621-150x150.jpeg 150w\" sizes=\"auto, (max-width: 621px) 100vw, 621px\" \/><\/figure>\n\n\n\n<div class=\"wp-block-group is-vertical is-content-justification-center is-nowrap is-layout-flex wp-container-core-group-is-layout-9 wp-block-group-is-layout-flex\">\n<p class=\"has-text-align-center has-small-font-size\"> Dispositivo M\u00f3vil<\/p>\n<\/div>\n<\/div>\n\n\n\n<div class=\"wp-block-column is-layout-flow wp-block-column-is-layout-flow\">\n<figure class=\"wp-block-image size-full is-style-rounded is-style-rounded--4\"><img loading=\"lazy\" decoding=\"async\" width=\"1024\" height=\"683\" src=\"https:\/\/cartillanacionaldigital.com\/wp-content\/uploads\/2024\/02\/gettyimages-457249940-1024x1024-1.jpg\" alt=\"\" class=\"wp-image-186\" style=\"aspect-ratio:1;object-fit:cover\" srcset=\"https:\/\/cartillanacionaldigital.com\/wp-content\/uploads\/2024\/02\/gettyimages-457249940-1024x1024-1.jpg 1024w, https:\/\/cartillanacionaldigital.com\/wp-content\/uploads\/2024\/02\/gettyimages-457249940-1024x1024-1-300x200.jpg 300w, https:\/\/cartillanacionaldigital.com\/wp-content\/uploads\/2024\/02\/gettyimages-457249940-1024x1024-1-768x512.jpg 768w\" sizes=\"auto, (max-width: 1024px) 100vw, 1024px\" \/><\/figure>\n\n\n\n<div class=\"wp-block-group is-vertical is-content-justification-center is-nowrap is-layout-flex wp-container-core-group-is-layout-10 wp-block-group-is-layout-flex\">\n<p class=\"has-text-align-center has-small-font-size\"> Tablet o Ipad<\/p>\n<\/div>\n<\/div>\n\n\n\n<div class=\"wp-block-column is-layout-flow wp-block-column-is-layout-flow\">\n<figure class=\"wp-block-image size-full is-resized is-style-rounded is-style-rounded--5\"><img loading=\"lazy\" decoding=\"async\" width=\"196\" height=\"196\" src=\"https:\/\/cartillanacionaldigital.com\/wp-content\/uploads\/2024\/02\/28e6a62c-duali-dq-mini-lector-codigo-qr-para-control-accesos_105g05g000000000000000.jpg\" alt=\"\" class=\"wp-image-188\" style=\"aspect-ratio:1;object-fit:cover;width:216px;height:auto\" srcset=\"https:\/\/cartillanacionaldigital.com\/wp-content\/uploads\/2024\/02\/28e6a62c-duali-dq-mini-lector-codigo-qr-para-control-accesos_105g05g000000000000000.jpg 196w, https:\/\/cartillanacionaldigital.com\/wp-content\/uploads\/2024\/02\/28e6a62c-duali-dq-mini-lector-codigo-qr-para-control-accesos_105g05g000000000000000-150x150.jpg 150w\" sizes=\"auto, (max-width: 196px) 100vw, 196px\" \/><\/figure>\n\n\n\n<div class=\"wp-block-group is-vertical is-content-justification-center is-nowrap is-layout-flex wp-container-core-group-is-layout-11 wp-block-group-is-layout-flex\">\n<p class=\"has-text-align-center has-small-font-size\"> Cualquier Lector<\/p>\n<\/div>\n<\/div>\n<\/div>\n<\/div>\n\n\n\n\n\n<div class=\"wp-block-group alignfull has-base-color has-contrast-background-color has-text-color has-background has-link-color wp-elements-3f7860d2bc97947bc11bc5b268e7a3bc has-global-padding is-layout-constrained wp-container-core-group-is-layout-14 wp-block-group-is-layout-constrained\" style=\"margin-top:0;margin-bottom:0;padding-top:var(--wp--preset--spacing--50);padding-right:var(--wp--preset--spacing--50);padding-bottom:var(--wp--preset--spacing--50);padding-left:var(--wp--preset--spacing--50)\">\n<h2 class=\"wp-block-heading alignwide has-base-color has-text-color has-link-color wp-elements-c9b5699bdecff18878afa112249018b5\" style=\"font-size:clamp(4.509rem, 4.509rem + ((1vw - 0.2rem) * 9.152), 10rem);letter-spacing:-0.02em\">FAQs<\/h2>\n\n\n\n<div class=\"wp-block-group alignwide is-layout-flow wp-block-group-is-layout-flow\">\n<hr class=\"wp-block-separator has-text-color has-base-color has-alpha-channel-opacity has-base-background-color has-background is-style-wide\"\/>\n\n\n\n<details class=\"wp-block-details is-style-arrow-icon-details has-medium-font-size is-layout-flow wp-block-details-is-layout-flow\" style=\"border-top-style:none;border-top-width:0px;border-right-style:none;border-right-width:0px;border-bottom-color:var(--wp--preset--color--base);border-bottom-style:solid;border-bottom-width:1px;border-left-style:none;border-left-width:0px;margin-top:0\"><summary>Donde tendr\u00e9 la Cartilla Nacional de Salud Digital?<\/summary>\n<p class=\"has-contrast-1-color has-text-color has-link-color wp-elements-b9e569a98f7591b78a205802fc15cb9a\">Se enviar\u00e1 a tu correo y celular.<\/p>\n<\/details>\n\n\n\n<details class=\"wp-block-details is-style-arrow-icon-details has-medium-font-size is-layout-flow wp-block-details-is-layout-flow\" style=\"border-top-style:none;border-top-width:0px;border-right-style:none;border-right-width:0px;border-bottom-color:var(--wp--preset--color--base);border-bottom-style:solid;border-bottom-width:1px;border-left-style:none;border-left-width:0px;margin-top:0\"><summary>Mi familiar no tiene correo electr\u00f3nico ya que es Adulto Mayor?<\/summary>\n<p class=\"has-contrast-1-color has-text-color has-link-color wp-elements-dd6429fecca6d094cb8a51de8b247588\">Se le enviara al familiar mas cercano pero se le enviara una imagen de c\u00f3digo QR.<\/p>\n<\/details>\n\n\n\n<details class=\"wp-block-details is-style-arrow-icon-details has-medium-font-size is-layout-flow wp-block-details-is-layout-flow\" style=\"border-top-style:none;border-top-width:0px;border-right-style:none;border-right-width:0px;border-bottom-color:var(--wp--preset--color--base);border-bottom-style:solid;border-bottom-width:1px;border-left-style:none;border-left-width:0px;margin-top:0\"><summary>Como saber cuando hay campa\u00f1as de Vacunaci\u00f3n?<\/summary>\n<p class=\"has-contrast-1-color has-text-color has-link-color wp-elements-85c17474dbde8ad179b391883bc5c7c9\">Esta Cartilla Nacional de Salud Digital tiene enlaces a las redes sociales y desde la pagina habr\u00e1 avisos sobre todo tipo de campa\u00f1as de vacunaci\u00f3n, prevenci\u00f3n de enfermedades y educaci\u00f3n a la Salud.<\/p>\n<\/details>\n\n\n\n<details class=\"wp-block-details is-style-arrow-icon-details has-medium-font-size is-layout-flow wp-block-details-is-layout-flow\" style=\"border-top-style:none;border-top-width:0px;border-right-style:none;border-right-width:0px;border-bottom-color:var(--wp--preset--color--base);border-bottom-style:solid;border-bottom-width:1px;border-left-style:none;border-left-width:0px;margin-top:0\"><summary>Como puedo saber m\u00e1s?<\/summary>\n<p>S\u00edguenos por la pagina web y las redes sociales como facebook, Instagram, y X.<\/p>\n<\/details>\n\n\n\n<div style=\"margin-top:var(--wp--preset--spacing--10);margin-bottom:0;height:var(--wp--preset--spacing--10)\" aria-hidden=\"true\" class=\"wp-block-spacer\"><\/div>\n<\/div>\n<\/div>\n\n\n\n<div class=\"wp-block-group alignfull has-global-padding is-layout-constrained wp-container-core-group-is-layout-15 wp-block-group-is-layout-constrained\" style=\"margin-top:0;margin-bottom:0;padding-top:var(--wp--preset--spacing--50);padding-right:var(--wp--preset--spacing--50);padding-bottom:var(--wp--preset--spacing--50);padding-left:var(--wp--preset--spacing--50)\">\n<div class=\"wp-block-columns alignwide are-vertically-aligned-center is-layout-flex wp-container-core-columns-is-layout-6 wp-block-columns-is-layout-flex\">\n<div class=\"wp-block-column is-vertically-aligned-center is-layout-flow wp-block-column-is-layout-flow\" style=\"flex-basis:50%\">\n<h2 class=\"wp-block-heading\">Ventajas de la Cartilla Nacional de Salud<\/h2>\n\n\n\n<ul style=\"line-height:1.75\" class=\"is-style-checkmark-list wp-block-list\">\n<li>Salvaguardar tu Informaci\u00f3n y Seguridad.<\/li>\n\n\n\n<li>Educaci\u00f3n a la Salud.<\/li>\n\n\n\n<li>No perder tu Cartilla Nunca m\u00e1s.<\/li>\n<\/ul>\n\n\n\n<div class=\"wp-block-buttons is-layout-flex wp-block-buttons-is-layout-flex\">\n<div class=\"wp-block-button\"><a class=\"wp-block-button__link wp-element-button\" href=\"https:\/\/www.instagram.com\/emmanuelruiz3803?igsh=MW9hOHN1aHdjeWg5\" target=\"_blank\" rel=\"noreferrer noopener\">Instagram<\/a><\/div>\n\n\n\n<div class=\"wp-block-button is-style-outline is-style-outline--6\"><a class=\"wp-block-button__link wp-element-button\" href=\"https:\/\/www.facebook.com\/profile.php?id=61556260395428&amp;mibextid=ZbWKwL\" target=\"_blank\" rel=\"noreferrer noopener\">Facebook<\/a><\/div>\n<\/div>\n<\/div>\n\n\n\n<div class=\"wp-block-column is-vertically-aligned-center is-layout-flow wp-block-column-is-layout-flow\" style=\"flex-basis:50%\">\n<figure class=\"wp-block-image size-full is-style-rounded is-style-rounded--7\"><img loading=\"lazy\" decoding=\"async\" width=\"1261\" height=\"1080\" src=\"https:\/\/cartillanacionaldigital.com\/wp-content\/uploads\/2024\/02\/Picsart_24-02-17_20-56-23-815.jpg\" alt=\"\" class=\"wp-image-189\" style=\"aspect-ratio:4\/3;object-fit:cover\" srcset=\"https:\/\/cartillanacionaldigital.com\/wp-content\/uploads\/2024\/02\/Picsart_24-02-17_20-56-23-815.jpg 1261w, https:\/\/cartillanacionaldigital.com\/wp-content\/uploads\/2024\/02\/Picsart_24-02-17_20-56-23-815-300x257.jpg 300w, https:\/\/cartillanacionaldigital.com\/wp-content\/uploads\/2024\/02\/Picsart_24-02-17_20-56-23-815-1024x877.jpg 1024w, https:\/\/cartillanacionaldigital.com\/wp-content\/uploads\/2024\/02\/Picsart_24-02-17_20-56-23-815-768x658.jpg 768w\" sizes=\"auto, (max-width: 1261px) 100vw, 1261px\" \/><\/figure>\n\n\n\n<figure class=\"wp-block-image size-full is-resized\"><img loading=\"lazy\" decoding=\"async\" width=\"1080\" height=\"1378\" src=\"https:\/\/cartillanacionaldigital.com\/wp-content\/uploads\/2024\/03\/Screenshot_20240323_153853_Gallery.jpg\" alt=\"\" class=\"wp-image-377\" style=\"width:307px;height:auto\" srcset=\"https:\/\/cartillanacionaldigital.com\/wp-content\/uploads\/2024\/03\/Screenshot_20240323_153853_Gallery.jpg 1080w, https:\/\/cartillanacionaldigital.com\/wp-content\/uploads\/2024\/03\/Screenshot_20240323_153853_Gallery-235x300.jpg 235w, https:\/\/cartillanacionaldigital.com\/wp-content\/uploads\/2024\/03\/Screenshot_20240323_153853_Gallery-803x1024.jpg 803w, https:\/\/cartillanacionaldigital.com\/wp-content\/uploads\/2024\/03\/Screenshot_20240323_153853_Gallery-768x980.jpg 768w\" sizes=\"auto, (max-width: 1080px) 100vw, 1080px\" \/><\/figure>\n<\/div>\n<\/div>\n<\/div>\n","protected":false},"excerpt":{"rendered":"<p>Olvida la presi\u00f3n por recuperar tu informaci\u00f3n de las vacunas aplicadas por haberla perdido o por que tu perro se la comi\u00f3. Con la Cartilla Nacional de Salud Digitalizada tendr\u00e1s tu informaci\u00f3n guardada y actualizada cada que acudas a tu cl\u00ednica. Se creo un sistema utilizado para todos los documentos importantes en salud, se archiva, [&hellip;]<\/p>\n","protected":false},"author":1,"featured_media":0,"parent":0,"menu_order":0,"comment_status":"closed","ping_status":"closed","template":"","meta":{"om_disable_all_campaigns":false,"_monsterinsights_skip_tracking":false,"_monsterinsights_sitenote_active":false,"_monsterinsights_sitenote_note":"","_monsterinsights_sitenote_category":0,"footnotes":""},"class_list":["post-181","page","type-page","status-publish","hentry"],"aioseo_notices":[],"_links":{"self":[{"href":"https:\/\/cartillanacionaldigital.com\/index.php\/wp-json\/wp\/v2\/pages\/181","targetHints":{"allow":["GET"]}}],"collection":[{"href":"https:\/\/cartillanacionaldigital.com\/index.php\/wp-json\/wp\/v2\/pages"}],"about":[{"href":"https:\/\/cartillanacionaldigital.com\/index.php\/wp-json\/wp\/v2\/types\/page"}],"author":[{"embeddable":true,"href":"https:\/\/cartillanacionaldigital.com\/index.php\/wp-json\/wp\/v2\/users\/1"}],"replies":[{"embeddable":true,"href":"https:\/\/cartillanacionaldigital.com\/index.php\/wp-json\/wp\/v2\/comments?post=181"}],"version-history":[{"count":11,"href":"https:\/\/cartillanacionaldigital.com\/index.php\/wp-json\/wp\/v2\/pages\/181\/revisions"}],"predecessor-version":[{"id":378,"href":"https:\/\/cartillanacionaldigital.com\/index.php\/wp-json\/wp\/v2\/pages\/181\/revisions\/378"}],"wp:attachment":[{"href":"https:\/\/cartillanacionaldigital.com\/index.php\/wp-json\/wp\/v2\/media?parent=181"}],"curies":[{"name":"wp","href":"https:\/\/api.w.org\/{rel}","templated":true}]}}